{"id":108,"date":"2022-06-13T16:32:56","date_gmt":"2022-06-13T16:32:56","guid":{"rendered":"https:\/\/frosty-bhaskara.212-227-160-186.plesk.page\/?page_id=108"},"modified":"2022-06-30T18:15:17","modified_gmt":"2022-06-30T18:15:17","slug":"reglementation-duplicate-72","status":"publish","type":"page","link":"https:\/\/rhummartinique.88-208-243-145.plesk.page\/index.php\/reglementation-duplicate-72\/","title":{"rendered":"La Martinique"},"content":{"rendered":"\t\t<div data-elementor-type=\"wp-page\" data-elementor-id=\"108\" class=\"elementor elementor-108\">\n\t\t\t\t\t\t\t\t\t<section class=\"elementor-section elementor-top-section elementor-element elementor-element-8930b6e elementor-section-boxed elementor-section-height-default elementor-section-height-default\" data-id=\"8930b6e\" data-element_type=\"section\">\n\t\t\t\t\t\t<div class=\"elementor-container elementor-column-gap-default\">\n\t\t\t\t\t<div class=\"elementor-column elementor-col-100 elementor-top-column elementor-element elementor-element-e12a2a8\" data-id=\"e12a2a8\" data-element_type=\"column\">\n\t\t\t<div class=\"elementor-widget-wrap elementor-element-populated\">\n\t\t\t\t\t\t\t\t<div class=\"elementor-element elementor-element-6732485 elementor-widget elementor-widget-text-editor\" data-id=\"6732485\" data-element_type=\"widget\" data-widget_type=\"text-editor.default\">\n\t\t\t\t<div class=\"elementor-widget-container\">\n\t\t\t<style>\/*! elementor - v3.6.6 - 08-06-2022 *\/\n.elementor-widget-text-editor.elementor-drop-cap-view-stacked .elementor-drop-cap{background-color:#818a91;color:#fff}.elementor-widget-text-editor.elementor-drop-cap-view-framed .elementor-drop-cap{color:#818a91;border:3px solid;background-color:transparent}.elementor-widget-text-editor:not(.elementor-drop-cap-view-default) .elementor-drop-cap{margin-top:8px}.elementor-widget-text-editor:not(.elementor-drop-cap-view-default) .elementor-drop-cap-letter{width:1em;height:1em}.elementor-widget-text-editor .elementor-drop-cap{float:left;text-align:center;line-height:1;font-size:50px}.elementor-widget-text-editor .elementor-drop-cap-letter{display:inline-block}<\/style>\t\t\t\t<h1>La\u00a0G\u00e9ographie<\/h1><p>D\u00e9partement fran\u00e7ais depuis 1946, la Martinique est une \u00eele volcanique de 1.080 km2, longue de soixante-quatre kilom\u00e8tres et large de trente. Elle recense 392.000 habitants, dont le tiers est concentr\u00e9 dans la r\u00e9gion de Fort-de-France. Son climat est rythm\u00e9 par deux saisons\u00a0: l\u2019hivernage, ou saison des pluies, qui dure de juin \u00e0 novembre\u00a0; et le Car\u00eame chaud et sec, de mars \u00e0 juin. La transition se fait avec l\u2019agr\u00e9able fra\u00eecheur des aliz\u00e9s, de d\u00e9cembre \u00e0 fin f\u00e9vrier.<\/p>\t\t\t\t\t\t<\/div>\n\t\t\t\t<\/div>\n\t\t\t\t\t<\/div>\n\t\t<\/div>\n\t\t\t\t\t\t\t<\/div>\n\t\t<\/section>\n\t\t\t\t<section class=\"elementor-section elementor-top-section elementor-element elementor-element-c7b8142 elementor-section-boxed elementor-section-height-default elementor-section-height-default\" data-id=\"c7b8142\" data-element_type=\"section\">\n\t\t\t\t\t\t<div class=\"elementor-container elementor-column-gap-default\">\n\t\t\t\t\t<div class=\"elementor-column elementor-col-100 elementor-top-column elementor-element elementor-element-707cea63\" data-id=\"707cea63\" data-element_type=\"column\">\n\t\t\t<div class=\"elementor-widget-wrap elementor-element-populated\">\n\t\t\t\t\t\t\t\t<div class=\"elementor-element elementor-element-215a044a elementor-widget elementor-widget-text-editor\" data-id=\"215a044a\" data-element_type=\"widget\" data-widget_type=\"text-editor.default\">\n\t\t\t\t<div class=\"elementor-widget-container\">\n\t\t\t\t\t\t\t<h1>La d\u00e9couverte de l\u2019\u00eele<\/h1><p>Christophe Colomb d\u00e9couvre la Martinique lors de son quatri\u00e8me voyage, en juin 1502. Pierre Belain d\u2019Esnambuc en prend possession au nom du roi Louis XIII en 1635. Jusqu\u2019en 1653, les Indiens cara\u00efbes cohabitent avec les Fran\u00e7ais et leur transmettent leur connaissance du pays et leur savoir-faire dans la fabrication de logements et de meubles (comme le hamac) avec les bois et les v\u00e9g\u00e9taux locaux. Ce m\u00e9tissage se retrouve notamment dans l\u2019architecture des cases, des demeures cr\u00e9oles et des \u00ab maisons de ma\u00eetre \u00bb.<\/p>\t\t\t\t\t\t<\/div>\n\t\t\t\t<\/div>\n\t\t\t\t\t<\/div>\n\t\t<\/div>\n\t\t\t\t\t\t\t<\/div>\n\t\t<\/section>\n\t\t\t\t<section class=\"elementor-section elementor-top-section elementor-element elementor-element-faff634 elementor-section-boxed elementor-section-height-default elementor-section-height-default\" data-id=\"faff634\" data-element_type=\"section\">\n\t\t\t\t\t\t<div class=\"elementor-container elementor-column-gap-default\">\n\t\t\t\t\t<div class=\"elementor-column elementor-col-100 elementor-top-column elementor-element elementor-element-5771ee69\" data-id=\"5771ee69\" data-element_type=\"column\">\n\t\t\t<div class=\"elementor-widget-wrap elementor-element-populated\">\n\t\t\t\t\t\t\t\t<div class=\"elementor-element elementor-element-3ad790e6 elementor-widget elementor-widget-text-editor\" data-id=\"3ad790e6\" data-element_type=\"widget\" data-widget_type=\"text-editor.default\">\n\t\t\t\t<div class=\"elementor-widget-container\">\n\t\t\t\t\t\t\t<h1>La soci\u00e9t\u00e9 d&rsquo;habitation<\/h1>\n<p>Mais avec l\u2019arriv\u00e9e de nouveaux colons, la cohabitation cesse. Plus faibles, les Cara\u00efbes doivent laisser la place aux \u00ab habitants \u00bb et \u00e0 leur soci\u00e9t\u00e9 d\u2019\u00ab habitation \u00bb, terminologie qui provient de l\u2019attraction de deux verbes. \u00c0 l\u2019\u00e9poque en effet, venir \u00ab habiter \u00bb dans les \u00eeles, s\u2019y \u00ab habituer \u00bb, signifiait y fonder un domaine. L\u2019habitation d\u00e9signait donc non seulement la maison, mais \u00e9galement la terre et les cultures, le personnel et ses logements, les b\u00e2timents d\u2019exploitation, les outils, le b\u00e9tail\u2026 Lorsqu\u2019apr\u00e8s le p\u00e9tun (ou tabac) et l\u2019indigo, la canne \u00e0 sucre est implant\u00e9e aux Antilles, les colons ont tr\u00e8s vite besoin de main d\u2019\u0153uvre : la traite des Noirs reste ainsi \u00e9troitement et tr\u00e8s symboliquement li\u00e9e \u00e0 l\u2019expansion de la culture de la canne (au XVIII\u00e8me si\u00e8cle, on compte quatre-vingt-dix mille esclaves \u00e0 la Guadeloupe et soixante-seize mille \u00e0 la Martinique). Ce syst\u00e8me cruel sera d\u00e9finitivement supprim\u00e9 en 1848 apr\u00e8s de sanglantes r\u00e9voltes et l\u2019action des abolitionnistes (dont Victor Sch\u0153lcher), h\u00e9ritiers de la philosophie des Lumi\u00e8res.<\/p>\t\t\t\t\t\t<\/div>\n\t\t\t\t<\/div>\n\t\t\t\t\t<\/div>\n\t\t<\/div>\n\t\t\t\t\t\t\t<\/div>\n\t\t<\/section>\n\t\t\t\t\t\t\t<\/div>\n\t\t","protected":false},"excerpt":{"rendered":"<p>La\u00a0G\u00e9ographie D\u00e9partement fran\u00e7ais depuis 1946, la Martinique est une \u00eele volcanique de 1.080 km2, longue de soixante-quatre kilom\u00e8tres et large de trente. Elle recense 392.000 habitants, dont le tiers est concentr\u00e9 dans la r\u00e9gion de Fort-de-France. Son climat est rythm\u00e9 par deux saisons\u00a0: l\u2019hivernage, ou saison des pluies, qui dure de juin \u00e0 novembre\u00a0; et &hellip;<\/p>\n<p class=\"read-more\"> <a class=\"\" href=\"https:\/\/rhummartinique.88-208-243-145.plesk.page\/index.php\/reglementation-duplicate-72\/\"> <span class=\"screen-reader-text\">La Martinique<\/span> Lire la suite\u00a0\u00bb<\/a><\/p>\n","protected":false},"author":1,"featured_media":0,"parent":0,"menu_order":0,"comment_status":"closed","ping_status":"closed","template":"","meta":{"site-sidebar-layout":"no-sidebar","site-content-layout":"page-builder","ast-global-header-display":"","ast-main-header-display":"","ast-hfb-above-header-display":"","ast-hfb-below-header-display":"","ast-hfb-mobile-header-display":"","site-post-title":"disabled","ast-breadcrumbs-content":"","ast-featured-img":"disabled","footer-sml-layout":"","theme-transparent-header-meta":"","adv-header-id-meta":"","stick-header-meta":"","header-above-stick-meta":"","header-main-stick-meta":"","header-below-stick-meta":"","footnotes":""},"class_list":["post-108","page","type-page","status-publish","hentry"],"_links":{"self":[{"href":"https:\/\/rhummartinique.88-208-243-145.plesk.page\/index.php\/wp-json\/wp\/v2\/pages\/108","targetHints":{"allow":["GET"]}}],"collection":[{"href":"https:\/\/rhummartinique.88-208-243-145.plesk.page\/index.php\/wp-json\/wp\/v2\/pages"}],"about":[{"href":"https:\/\/rhummartinique.88-208-243-145.plesk.page\/index.php\/wp-json\/wp\/v2\/types\/page"}],"author":[{"embeddable":true,"href":"https:\/\/rhummartinique.88-208-243-145.plesk.page\/index.php\/wp-json\/wp\/v2\/users\/1"}],"replies":[{"embeddable":true,"href":"https:\/\/rhummartinique.88-208-243-145.plesk.page\/index.php\/wp-json\/wp\/v2\/comments?post=108"}],"version-history":[{"count":28,"href":"https:\/\/rhummartinique.88-208-243-145.plesk.page\/index.php\/wp-json\/wp\/v2\/pages\/108\/revisions"}],"predecessor-version":[{"id":518,"href":"https:\/\/rhummartinique.88-208-243-145.plesk.page\/index.php\/wp-json\/wp\/v2\/pages\/108\/revisions\/518"}],"wp:attachment":[{"href":"https:\/\/rhummartinique.88-208-243-145.plesk.page\/index.php\/wp-json\/wp\/v2\/media?parent=108"}],"curies":[{"name":"wp","href":"https:\/\/api.w.org\/{rel}","templated":true}]}}