{"id":127,"date":"2022-06-13T16:47:26","date_gmt":"2022-06-13T16:47:26","guid":{"rendered":"https:\/\/frosty-bhaskara.212-227-160-186.plesk.page\/?page_id=127"},"modified":"2022-06-30T13:18:25","modified_gmt":"2022-06-30T13:18:25","slug":"l-art-du-vieillissement","status":"publish","type":"page","link":"https:\/\/rhummartinique.88-208-243-145.plesk.page\/index.php\/l-art-du-vieillissement\/","title":{"rendered":"L&rsquo; Art du Vieillissement"},"content":{"rendered":"\t\t<div data-elementor-type=\"wp-page\" data-elementor-id=\"127\" class=\"elementor elementor-127\">\n\t\t\t\t\t\t\t\t\t<section class=\"elementor-section elementor-top-section elementor-element elementor-element-8930b6e elementor-section-boxed elementor-section-height-default elementor-section-height-default\" data-id=\"8930b6e\" data-element_type=\"section\">\n\t\t\t\t\t\t<div class=\"elementor-container elementor-column-gap-default\">\n\t\t\t\t\t<div class=\"elementor-column elementor-col-100 elementor-top-column elementor-element elementor-element-e12a2a8\" data-id=\"e12a2a8\" data-element_type=\"column\">\n\t\t\t<div class=\"elementor-widget-wrap elementor-element-populated\">\n\t\t\t\t\t\t\t\t<div class=\"elementor-element elementor-element-6732485 elementor-widget elementor-widget-text-editor\" data-id=\"6732485\" data-element_type=\"widget\" data-widget_type=\"text-editor.default\">\n\t\t\t\t<div class=\"elementor-widget-container\">\n\t\t\t<style>\/*! elementor - v3.6.6 - 08-06-2022 *\/\n.elementor-widget-text-editor.elementor-drop-cap-view-stacked .elementor-drop-cap{background-color:#818a91;color:#fff}.elementor-widget-text-editor.elementor-drop-cap-view-framed .elementor-drop-cap{color:#818a91;border:3px solid;background-color:transparent}.elementor-widget-text-editor:not(.elementor-drop-cap-view-default) .elementor-drop-cap{margin-top:8px}.elementor-widget-text-editor:not(.elementor-drop-cap-view-default) .elementor-drop-cap-letter{width:1em;height:1em}.elementor-widget-text-editor .elementor-drop-cap{float:left;text-align:center;line-height:1;font-size:50px}.elementor-widget-text-editor .elementor-drop-cap-letter{display:inline-block}<\/style>\t\t\t\t<h1>Le Stockage<\/h1><p><span style=\"font-style: inherit; font-weight: inherit; color: var( --e-global-color-text ); font-family: var( --e-global-typography-text-font-family ), Sans-serif; background-color: var(--ast-global-color-5);\">Le rhum de coulage est ensuite transf\u00e9r\u00e9 dans des foudres de stockage en acier inoxydable, en attendant une exportation en vrac ou une pr\u00e9paration \u00e0 l\u2019embouteillage.<\/span><\/p><p>Le rhum blanc demeure au repos pendant trois mois minimum. Il est r\u00e9guli\u00e8rement brass\u00e9 et a\u00e9r\u00e9 durant cette p\u00e9riode, afin que s\u2019\u00e9vaporent les compos\u00e9s volatils acres et que sa finition s\u2019ach\u00e8ve. Avant son embouteillage, il est r\u00e9duit \u00e0 son degr\u00e9 de commercialisation (50, 55 ou 62 % vol.) par adjonction d\u2019eau de source ou d\u2019eau d\u00e9min\u00e9ralis\u00e9e \u2014 dont la puret\u00e9 influe sur la qualit\u00e9 du produit fini.<\/p><p><img loading=\"lazy\" decoding=\"async\" class=\"alignnone size-medium wp-image-367\" src=\"https:\/\/rhummartinique.88-208-243-145.plesk.page\/wp-content\/uploads\/2022\/06\/chais_BALLY-205x300.png\" alt=\"\" width=\"205\" height=\"300\" srcset=\"https:\/\/rhummartinique.88-208-243-145.plesk.page\/wp-content\/uploads\/2022\/06\/chais_BALLY-205x300.png 205w, https:\/\/rhummartinique.88-208-243-145.plesk.page\/wp-content\/uploads\/2022\/06\/chais_BALLY.png 218w\" sizes=\"auto, (max-width: 205px) 100vw, 205px\" \/><\/p>\t\t\t\t\t\t<\/div>\n\t\t\t\t<\/div>\n\t\t\t\t\t<\/div>\n\t\t<\/div>\n\t\t\t\t\t\t\t<\/div>\n\t\t<\/section>\n\t\t\t\t<section class=\"elementor-section elementor-top-section elementor-element elementor-element-c7b8142 elementor-section-boxed elementor-section-height-default elementor-section-height-default\" data-id=\"c7b8142\" data-element_type=\"section\">\n\t\t\t\t\t\t<div class=\"elementor-container elementor-column-gap-default\">\n\t\t\t\t\t<div class=\"elementor-column elementor-col-100 elementor-top-column elementor-element elementor-element-707cea63\" data-id=\"707cea63\" data-element_type=\"column\">\n\t\t\t<div class=\"elementor-widget-wrap elementor-element-populated\">\n\t\t\t\t\t\t\t\t<div class=\"elementor-element elementor-element-215a044a elementor-widget elementor-widget-text-editor\" data-id=\"215a044a\" data-element_type=\"widget\" data-widget_type=\"text-editor.default\">\n\t\t\t\t<div class=\"elementor-widget-container\">\n\t\t\t\t\t\t\t<h1>Le Vieillissement<\/h1><h1><img loading=\"lazy\" decoding=\"async\" class=\"alignnone size-full wp-image-369\" style=\"font-weight: inherit; font-size: 16px;\" src=\"https:\/\/rhummartinique.88-208-243-145.plesk.page\/wp-content\/uploads\/2022\/06\/Chais_vieillissement.png\" alt=\"\" width=\"223\" height=\"155\" \/><img loading=\"lazy\" decoding=\"async\" class=\"alignnone size-full wp-image-368\" style=\"font-style: inherit; font-weight: inherit; font-size: 16px;\" src=\"https:\/\/rhummartinique.88-208-243-145.plesk.page\/wp-content\/uploads\/2022\/06\/Chais_3_riveres.png\" alt=\"\" width=\"223\" height=\"153\" \/><\/h1><p>Une part de la production est aussi destin\u00e9e au vieillissement. La r\u00e9glementation de l\u2019A.O.C. Martinique distingue les rhums \u00ab \u00e9lev\u00e9s sous bois \u00bb \u2014 qui acqui\u00e8rent leur couleur dor\u00e9e en s\u00e9journant au minimum douze mois dans des vaisseaux de bois \u2014 des rhums vieux proprement dits, qui vieillissent dans des f\u00fbts de ch\u00eane d\u2019une capacit\u00e9 maximale de six cent cinquante litres. Ces derniers ont droit \u00e0 l\u2019appellation de \u00ab rhum vieux \u00bb apr\u00e8s trois ans de vieillissement r\u00e9volus ; des mentions telles que \u00ab tr\u00e8s vieux \u00bb, \u00ab hors d\u2019\u00e2ge \u00bb, \u00ab XO \u00bb, \u00ab mill\u00e9sime \u00bb, etc. peuvent t\u00e9moigner d\u2019un vieillissement sup\u00e9rieur.<\/p><p>Historiquement, les f\u00fbts destin\u00e9s au vieillissement proviennent d\u2019Am\u00e9rique du Nord. Ce sont le plus souvent des f\u00fbts de bourbon fabriqu\u00e9s \u00e0 base de ch\u00eane am\u00e9ricain. Mais les distillateurs font \u00e9galement appel \u00e0 la futaille fran\u00e7aise r\u00e9alis\u00e9e en ch\u00eane du Limousin.<\/p><p>La qualit\u00e9 et la finesse du rhum vieux sont le fruit d\u2019un savoir-faire et de secrets jalousement entretenus par les ma\u00eetres de chais \u2014 c\u2019est l\u00e0 toute la noblesse de leur m\u00e9tier. Au fil des ans, dans la calme p\u00e9nombre impr\u00e9gn\u00e9e de parfums d\u2019alcool, le rhum se charge par capillarit\u00e9 des constituants et de la couleur du bois. Et chaque ann\u00e9e, le \u00ab ouillage \u00bb permet de pallier l\u2019\u00e9vaporation tr\u00e8s \u00e9lev\u00e9e en climat tropical : la \u00ab part des anges \u00bb y est d\u2019environ huit pour cent.<\/p><p><img loading=\"lazy\" decoding=\"async\" class=\"alignnone size-full wp-image-366\" src=\"https:\/\/rhummartinique.88-208-243-145.plesk.page\/wp-content\/uploads\/2022\/06\/Brulage-de-futs.png\" alt=\"\" width=\"283\" height=\"279\" \/>\u00a0<\/p>\t\t\t\t\t\t<\/div>\n\t\t\t\t<\/div>\n\t\t\t\t\t<\/div>\n\t\t<\/div>\n\t\t\t\t\t\t\t<\/div>\n\t\t<\/section>\n\t\t\t\t\t\t\t<\/div>\n\t\t","protected":false},"excerpt":{"rendered":"<p>Le Stockage Le rhum de coulage est ensuite transf\u00e9r\u00e9 dans des foudres de stockage en acier inoxydable, en attendant une exportation en vrac ou une pr\u00e9paration \u00e0 l\u2019embouteillage. Le rhum blanc demeure au repos pendant trois mois minimum. Il est r\u00e9guli\u00e8rement brass\u00e9 et a\u00e9r\u00e9 durant cette p\u00e9riode, afin que s\u2019\u00e9vaporent les compos\u00e9s volatils acres et &hellip;<\/p>\n<p class=\"read-more\"> <a class=\"\" href=\"https:\/\/rhummartinique.88-208-243-145.plesk.page\/index.php\/l-art-du-vieillissement\/\"> <span class=\"screen-reader-text\">L&rsquo; Art du Vieillissement<\/span> Lire la suite\u00a0\u00bb<\/a><\/p>\n","protected":false},"author":1,"featured_media":0,"parent":0,"menu_order":0,"comment_status":"closed","ping_status":"closed","template":"","meta":{"site-sidebar-layout":"no-sidebar","site-content-layout":"page-builder","ast-global-header-display":"","ast-main-header-display":"","ast-hfb-above-header-display":"","ast-hfb-below-header-display":"","ast-hfb-mobile-header-display":"","site-post-title":"disabled","ast-breadcrumbs-content":"","ast-featured-img":"disabled","footer-sml-layout":"","theme-transparent-header-meta":"","adv-header-id-meta":"","stick-header-meta":"","header-above-stick-meta":"","header-main-stick-meta":"","header-below-stick-meta":"","footnotes":""},"class_list":["post-127","page","type-page","status-publish","hentry"],"_links":{"self":[{"href":"https:\/\/rhummartinique.88-208-243-145.plesk.page\/index.php\/wp-json\/wp\/v2\/pages\/127","targetHints":{"allow":["GET"]}}],"collection":[{"href":"https:\/\/rhummartinique.88-208-243-145.plesk.page\/index.php\/wp-json\/wp\/v2\/pages"}],"about":[{"href":"https:\/\/rhummartinique.88-208-243-145.plesk.page\/index.php\/wp-json\/wp\/v2\/types\/page"}],"author":[{"embeddable":true,"href":"https:\/\/rhummartinique.88-208-243-145.plesk.page\/index.php\/wp-json\/wp\/v2\/users\/1"}],"replies":[{"embeddable":true,"href":"https:\/\/rhummartinique.88-208-243-145.plesk.page\/index.php\/wp-json\/wp\/v2\/comments?post=127"}],"version-history":[{"count":7,"href":"https:\/\/rhummartinique.88-208-243-145.plesk.page\/index.php\/wp-json\/wp\/v2\/pages\/127\/revisions"}],"predecessor-version":[{"id":372,"href":"https:\/\/rhummartinique.88-208-243-145.plesk.page\/index.php\/wp-json\/wp\/v2\/pages\/127\/revisions\/372"}],"wp:attachment":[{"href":"https:\/\/rhummartinique.88-208-243-145.plesk.page\/index.php\/wp-json\/wp\/v2\/media?parent=127"}],"curies":[{"name":"wp","href":"https:\/\/api.w.org\/{rel}","templated":true}]}}