{"id":129,"date":"2022-06-13T16:47:53","date_gmt":"2022-06-13T16:47:53","guid":{"rendered":"https:\/\/frosty-bhaskara.212-227-160-186.plesk.page\/?page_id=129"},"modified":"2022-06-30T13:21:46","modified_gmt":"2022-06-30T13:21:46","slug":"l-appellation-d-originecontrolee","status":"publish","type":"page","link":"https:\/\/rhummartinique.88-208-243-145.plesk.page\/index.php\/l-appellation-d-originecontrolee\/","title":{"rendered":"AOC"},"content":{"rendered":"\t\t<div data-elementor-type=\"wp-page\" data-elementor-id=\"129\" class=\"elementor elementor-129\">\n\t\t\t\t\t\t\t\t\t<section class=\"elementor-section elementor-top-section elementor-element elementor-element-1dbb30b elementor-section-boxed elementor-section-height-default elementor-section-height-default\" data-id=\"1dbb30b\" data-element_type=\"section\">\n\t\t\t\t\t\t<div class=\"elementor-container elementor-column-gap-default\">\n\t\t\t\t\t<div class=\"elementor-column elementor-col-100 elementor-top-column elementor-element elementor-element-0b36959\" data-id=\"0b36959\" data-element_type=\"column\">\n\t\t\t<div class=\"elementor-widget-wrap elementor-element-populated\">\n\t\t\t\t\t\t\t\t<div class=\"elementor-element elementor-element-dd7de3f elementor-widget elementor-widget-heading\" data-id=\"dd7de3f\" data-element_type=\"widget\" data-widget_type=\"heading.default\">\n\t\t\t\t<div class=\"elementor-widget-container\">\n\t\t\t<style>\/*! elementor - v3.6.6 - 08-06-2022 *\/\n.elementor-heading-title{padding:0;margin:0;line-height:1}.elementor-widget-heading .elementor-heading-title[class*=elementor-size-]>a{color:inherit;font-size:inherit;line-height:inherit}.elementor-widget-heading .elementor-heading-title.elementor-size-small{font-size:15px}.elementor-widget-heading .elementor-heading-title.elementor-size-medium{font-size:19px}.elementor-widget-heading .elementor-heading-title.elementor-size-large{font-size:29px}.elementor-widget-heading .elementor-heading-title.elementor-size-xl{font-size:39px}.elementor-widget-heading .elementor-heading-title.elementor-size-xxl{font-size:59px}<\/style><h1 class=\"elementor-heading-title elementor-size-default\">L'appelation d'origine contr\u00f4l\u00e9e<\/h1>\t\t<\/div>\n\t\t\t\t<\/div>\n\t\t\t\t\t<\/div>\n\t\t<\/div>\n\t\t\t\t\t\t\t<\/div>\n\t\t<\/section>\n\t\t\t\t<section class=\"elementor-section elementor-top-section elementor-element elementor-element-8930b6e elementor-section-boxed elementor-section-height-default elementor-section-height-default\" data-id=\"8930b6e\" data-element_type=\"section\">\n\t\t\t\t\t\t<div class=\"elementor-container elementor-column-gap-default\">\n\t\t\t\t\t<div class=\"elementor-column elementor-col-100 elementor-top-column elementor-element elementor-element-e12a2a8\" data-id=\"e12a2a8\" data-element_type=\"column\">\n\t\t\t<div class=\"elementor-widget-wrap elementor-element-populated\">\n\t\t\t\t\t\t\t\t<div class=\"elementor-element elementor-element-6732485 elementor-widget elementor-widget-text-editor\" data-id=\"6732485\" data-element_type=\"widget\" data-widget_type=\"text-editor.default\">\n\t\t\t\t<div class=\"elementor-widget-container\">\n\t\t\t<style>\/*! elementor - v3.6.6 - 08-06-2022 *\/\n.elementor-widget-text-editor.elementor-drop-cap-view-stacked .elementor-drop-cap{background-color:#818a91;color:#fff}.elementor-widget-text-editor.elementor-drop-cap-view-framed .elementor-drop-cap{color:#818a91;border:3px solid;background-color:transparent}.elementor-widget-text-editor:not(.elementor-drop-cap-view-default) .elementor-drop-cap{margin-top:8px}.elementor-widget-text-editor:not(.elementor-drop-cap-view-default) .elementor-drop-cap-letter{width:1em;height:1em}.elementor-widget-text-editor .elementor-drop-cap{float:left;text-align:center;line-height:1;font-size:50px}.elementor-widget-text-editor .elementor-drop-cap-letter{display:inline-block}<\/style>\t\t\t\t<h1>Le combat pour l\u2019A.O.C. Martinique<\/h1><p><span style=\"font-style: inherit; font-weight: inherit; color: var( --e-global-color-text ); font-family: var( --e-global-typography-text-font-family ), Sans-serif; background-color: var(--ast-global-color-5);\">Il aura fallu plus de deux d\u00e9cennies pour que soit reconnue l\u2019originalit\u00e9 du rhum agricole, tr\u00e8s sp\u00e9cifique par son ar\u00f4me, sa saveur et ses proc\u00e9d\u00e9s de fabrication. Le premier pas fut accompli lors de l\u2019obtention en 1973 d\u2019un \u00ab label rouge \u00bb \u2014 label de qualit\u00e9 regroupant les producteurs et exportateurs des rhums de la Martinique (A.P.E.R.A.M.).<\/span><\/p><p>Mais seule l\u2019attribution de l\u2019A.O.C. pouvait conf\u00e9rer au rhum agricole de Martinique la reconnaissance de son authenticit\u00e9. La premi\u00e8re demande d\u2019A.O.C. date de 1974. Mais le d\u00e9cret relatif \u00e0 l\u2019Appellation d\u2019Origine Contr\u00f4l\u00e9e \u00ab Martinique \u00bb n\u2019a finalement \u00e9t\u00e9 publi\u00e9 que le 5 novembre 1996.<\/p><p>Depuis le mois de mars 1997, toutes les distilleries ayant obtenu l\u2019agr\u00e9ment de leur stock peuvent donc se lancer sur un march\u00e9 porteur d\u2019espoirs, mais sem\u00e9 d\u2019emb\u00fbches : en effet, le d\u00e9contingentement des rhums A.C.P. fait peser une grave menace sur les rhums martiniquais. Gageons cependant que la Martinique saura affronter cette concurrence gr\u00e2ce \u00e0 la production de qualit\u00e9 dans laquelle elle s\u2019est engag\u00e9e avec l\u2019A.O.C.<\/p><p><img loading=\"lazy\" decoding=\"async\" class=\"alignnone size-medium wp-image-373\" src=\"https:\/\/rhummartinique.88-208-243-145.plesk.page\/wp-content\/uploads\/2022\/06\/cannes_en_pile-298x300.png\" alt=\"\" width=\"298\" height=\"300\" srcset=\"https:\/\/rhummartinique.88-208-243-145.plesk.page\/wp-content\/uploads\/2022\/06\/cannes_en_pile-298x300.png 298w, https:\/\/rhummartinique.88-208-243-145.plesk.page\/wp-content\/uploads\/2022\/06\/cannes_en_pile-150x150.png 150w, https:\/\/rhummartinique.88-208-243-145.plesk.page\/wp-content\/uploads\/2022\/06\/cannes_en_pile.png 425w\" sizes=\"auto, (max-width: 298px) 100vw, 298px\" \/><\/p>\t\t\t\t\t\t<\/div>\n\t\t\t\t<\/div>\n\t\t\t\t\t<\/div>\n\t\t<\/div>\n\t\t\t\t\t\t\t<\/div>\n\t\t<\/section>\n\t\t\t\t<section class=\"elementor-section elementor-top-section elementor-element elementor-element-c7b8142 elementor-section-boxed elementor-section-height-default elementor-section-height-default\" data-id=\"c7b8142\" data-element_type=\"section\">\n\t\t\t\t\t\t<div class=\"elementor-container elementor-column-gap-default\">\n\t\t\t\t\t<div class=\"elementor-column elementor-col-100 elementor-top-column elementor-element elementor-element-707cea63\" data-id=\"707cea63\" data-element_type=\"column\">\n\t\t\t<div class=\"elementor-widget-wrap elementor-element-populated\">\n\t\t\t\t\t\t\t\t<div class=\"elementor-element elementor-element-215a044a elementor-widget elementor-widget-text-editor\" data-id=\"215a044a\" data-element_type=\"widget\" data-widget_type=\"text-editor.default\">\n\t\t\t\t<div class=\"elementor-widget-container\">\n\t\t\t\t\t\t\t<h1>La qualit\u00e9 et l\u2019authenticit\u00e9 certifi\u00e9es<\/h1><p><span style=\"font-style: inherit; font-weight: inherit; color: var( --e-global-color-text ); font-family: var( --e-global-typography-text-font-family ), Sans-serif; background-color: var(--ast-global-color-5);\">La mention A.O.C. identifie un produit typique et sp\u00e9cifique dont le caract\u00e8re est li\u00e9 \u00e0 son origine g\u00e9ographique. Les produits reconnus en Appellation d\u2019Origine Contr\u00f4l\u00e9e sont l\u2019expression d\u2019un lien intime entre une production et un terroir, mis en \u0153uvre et perp\u00e9tu\u00e9 par des hommes dou\u00e9s de savoir-faire.<\/span><\/p><p>Les rhums qui revendiquent une A.O.C. Martinique ne peuvent \u00eatre mis en circulation sans un certificat d\u2019agr\u00e9ment d\u00e9livr\u00e9 par l\u2019Institut National des Appellations d\u2019Origine des vins et eaux-de-vie (I.N.A.O.) qui effectue un contr\u00f4le de production et des examens tr\u00e8s stricts. Son champ d\u2019action se d\u00e9finit \u00e0 travers trois commissions qui s\u2019assurent que les cannes livr\u00e9es \u00e0 la distillerie correspondent aux vari\u00e9t\u00e9s autoris\u00e9es ; veillent aux bonnes conditions d\u2019extraction et de fermentation des jus de canne ; contr\u00f4lent la distillation des vins et le stockage des rhums ; se chargent du pr\u00e9l\u00e8vement anonyme des \u00e9chantillons pour leur examen analytique ainsi que de la mise en place d\u2019un jury de d\u00e9gustation ; et v\u00e9rifient que la distillation s\u2019effectue bien dans les colonnes traditionnellement en usage \u00e0 la Martinique.<\/p><p>Ainsi, tout est con\u00e7u pour garantir l\u2019authenticit\u00e9 du rhum agricole de la Martinique, le seul rhum au monde aujourd\u2019hui \u00e0 avoir obtenu une telle reconnaissance.<\/p><p><img loading=\"lazy\" decoding=\"async\" class=\"alignnone size-medium wp-image-374\" src=\"https:\/\/rhummartinique.88-208-243-145.plesk.page\/wp-content\/uploads\/2022\/06\/fleches-de-canne-199x300.png\" alt=\"\" width=\"199\" height=\"300\" srcset=\"https:\/\/rhummartinique.88-208-243-145.plesk.page\/wp-content\/uploads\/2022\/06\/fleches-de-canne-199x300.png 199w, https:\/\/rhummartinique.88-208-243-145.plesk.page\/wp-content\/uploads\/2022\/06\/fleches-de-canne.png 339w\" sizes=\"auto, (max-width: 199px) 100vw, 199px\" \/><\/p>\t\t\t\t\t\t<\/div>\n\t\t\t\t<\/div>\n\t\t\t\t\t<\/div>\n\t\t<\/div>\n\t\t\t\t\t\t\t<\/div>\n\t\t<\/section>\n\t\t\t\t\t\t\t<\/div>\n\t\t","protected":false},"excerpt":{"rendered":"<p>L&rsquo;appelation d&rsquo;origine contr\u00f4l\u00e9e Le combat pour l\u2019A.O.C. Martinique Il aura fallu plus de deux d\u00e9cennies pour que soit reconnue l\u2019originalit\u00e9 du rhum agricole, tr\u00e8s sp\u00e9cifique par son ar\u00f4me, sa saveur et ses proc\u00e9d\u00e9s de fabrication. Le premier pas fut accompli lors de l\u2019obtention en 1973 d\u2019un \u00ab label rouge \u00bb \u2014 label de qualit\u00e9 regroupant &hellip;<\/p>\n<p class=\"read-more\"> <a class=\"\" href=\"https:\/\/rhummartinique.88-208-243-145.plesk.page\/index.php\/l-appellation-d-originecontrolee\/\"> <span class=\"screen-reader-text\">AOC<\/span> Lire la suite\u00a0\u00bb<\/a><\/p>\n","protected":false},"author":1,"featured_media":0,"parent":0,"menu_order":0,"comment_status":"closed","ping_status":"closed","template":"","meta":{"site-sidebar-layout":"no-sidebar","site-content-layout":"page-builder","ast-global-header-display":"","ast-main-header-display":"","ast-hfb-above-header-display":"","ast-hfb-below-header-display":"","ast-hfb-mobile-header-display":"","site-post-title":"disabled","ast-breadcrumbs-content":"","ast-featured-img":"disabled","footer-sml-layout":"","theme-transparent-header-meta":"","adv-header-id-meta":"","stick-header-meta":"","header-above-stick-meta":"","header-main-stick-meta":"","header-below-stick-meta":"","footnotes":""},"class_list":["post-129","page","type-page","status-publish","hentry"],"_links":{"self":[{"href":"https:\/\/rhummartinique.88-208-243-145.plesk.page\/index.php\/wp-json\/wp\/v2\/pages\/129","targetHints":{"allow":["GET"]}}],"collection":[{"href":"https:\/\/rhummartinique.88-208-243-145.plesk.page\/index.php\/wp-json\/wp\/v2\/pages"}],"about":[{"href":"https:\/\/rhummartinique.88-208-243-145.plesk.page\/index.php\/wp-json\/wp\/v2\/types\/page"}],"author":[{"embeddable":true,"href":"https:\/\/rhummartinique.88-208-243-145.plesk.page\/index.php\/wp-json\/wp\/v2\/users\/1"}],"replies":[{"embeddable":true,"href":"https:\/\/rhummartinique.88-208-243-145.plesk.page\/index.php\/wp-json\/wp\/v2\/comments?post=129"}],"version-history":[{"count":12,"href":"https:\/\/rhummartinique.88-208-243-145.plesk.page\/index.php\/wp-json\/wp\/v2\/pages\/129\/revisions"}],"predecessor-version":[{"id":377,"href":"https:\/\/rhummartinique.88-208-243-145.plesk.page\/index.php\/wp-json\/wp\/v2\/pages\/129\/revisions\/377"}],"wp:attachment":[{"href":"https:\/\/rhummartinique.88-208-243-145.plesk.page\/index.php\/wp-json\/wp\/v2\/media?parent=129"}],"curies":[{"name":"wp","href":"https:\/\/api.w.org\/{rel}","templated":true}]}}