{"id":132,"date":"2022-06-13T16:48:28","date_gmt":"2022-06-13T16:48:28","guid":{"rendered":"https:\/\/frosty-bhaskara.212-227-160-186.plesk.page\/?page_id=132"},"modified":"2022-06-13T18:10:36","modified_gmt":"2022-06-13T18:10:36","slug":"le-syndicat-de-defense-de-l-appellation-d-origine-rhum-agricole-martinique","status":"publish","type":"page","link":"https:\/\/rhummartinique.88-208-243-145.plesk.page\/index.php\/le-syndicat-de-defense-de-l-appellation-d-origine-rhum-agricole-martinique\/","title":{"rendered":"Le Syndicat de D\u00e9fense de l&rsquo; Appellation d&rsquo; Origine \u00ab\u00a0RHUM AGRICOLE MARTINIQUE\u00a0\u00bb"},"content":{"rendered":"\t\t<div data-elementor-type=\"wp-page\" data-elementor-id=\"132\" class=\"elementor elementor-132\">\n\t\t\t\t\t\t\t\t\t<section class=\"elementor-section elementor-top-section elementor-element elementor-element-5ccea34 elementor-section-boxed elementor-section-height-default elementor-section-height-default\" data-id=\"5ccea34\" data-element_type=\"section\">\n\t\t\t\t\t\t<div class=\"elementor-container elementor-column-gap-default\">\n\t\t\t\t\t<div class=\"elementor-column elementor-col-100 elementor-top-column elementor-element elementor-element-00af782\" data-id=\"00af782\" data-element_type=\"column\">\n\t\t\t<div class=\"elementor-widget-wrap elementor-element-populated\">\n\t\t\t\t\t\t\t\t<div class=\"elementor-element elementor-element-74e61c5 elementor-widget elementor-widget-heading\" data-id=\"74e61c5\" data-element_type=\"widget\" data-widget_type=\"heading.default\">\n\t\t\t\t<div class=\"elementor-widget-container\">\n\t\t\t<style>\/*! elementor - v3.6.6 - 08-06-2022 *\/\n.elementor-heading-title{padding:0;margin:0;line-height:1}.elementor-widget-heading .elementor-heading-title[class*=elementor-size-]>a{color:inherit;font-size:inherit;line-height:inherit}.elementor-widget-heading .elementor-heading-title.elementor-size-small{font-size:15px}.elementor-widget-heading .elementor-heading-title.elementor-size-medium{font-size:19px}.elementor-widget-heading .elementor-heading-title.elementor-size-large{font-size:29px}.elementor-widget-heading .elementor-heading-title.elementor-size-xl{font-size:39px}.elementor-widget-heading .elementor-heading-title.elementor-size-xxl{font-size:59px}<\/style><h2 class=\"elementor-heading-title elementor-size-default\">Le Syndicat de D\u00e9fense de l' Appellation d' Origine \"RHUM AGRICOLE MARTINIQUE\"<\/h2>\t\t<\/div>\n\t\t\t\t<\/div>\n\t\t\t\t\t<\/div>\n\t\t<\/div>\n\t\t\t\t\t\t\t<\/div>\n\t\t<\/section>\n\t\t\t\t<section class=\"elementor-section elementor-top-section elementor-element elementor-element-8930b6e elementor-section-boxed elementor-section-height-default elementor-section-height-default\" data-id=\"8930b6e\" data-element_type=\"section\">\n\t\t\t\t\t\t<div class=\"elementor-container elementor-column-gap-default\">\n\t\t\t\t\t<div class=\"elementor-column elementor-col-100 elementor-top-column elementor-element elementor-element-e12a2a8\" data-id=\"e12a2a8\" data-element_type=\"column\">\n\t\t\t<div class=\"elementor-widget-wrap elementor-element-populated\">\n\t\t\t\t\t\t\t\t<div class=\"elementor-element elementor-element-6732485 elementor-widget elementor-widget-text-editor\" data-id=\"6732485\" data-element_type=\"widget\" data-widget_type=\"text-editor.default\">\n\t\t\t\t<div class=\"elementor-widget-container\">\n\t\t\t<style>\/*! elementor - v3.6.6 - 08-06-2022 *\/\n.elementor-widget-text-editor.elementor-drop-cap-view-stacked .elementor-drop-cap{background-color:#818a91;color:#fff}.elementor-widget-text-editor.elementor-drop-cap-view-framed .elementor-drop-cap{color:#818a91;border:3px solid;background-color:transparent}.elementor-widget-text-editor:not(.elementor-drop-cap-view-default) .elementor-drop-cap{margin-top:8px}.elementor-widget-text-editor:not(.elementor-drop-cap-view-default) .elementor-drop-cap-letter{width:1em;height:1em}.elementor-widget-text-editor .elementor-drop-cap{float:left;text-align:center;line-height:1;font-size:50px}.elementor-widget-text-editor .elementor-drop-cap-letter{display:inline-block}<\/style>\t\t\t\t<h1><span style=\"font-size: 15px; font-style: inherit; font-weight: inherit; color: var( --e-global-color-text ); font-family: var( --e-global-typography-text-font-family ), Sans-serif; background-color: var(--ast-global-color-5);\">Ce Syndicat a \u00e9t\u00e9 cr\u00e9\u00e9 en 1992 dans le but de regrouper les professionnels qui participent \u00e0 l&rsquo;\u00e9laboration et \u00e0 la promotion du Rhum Agricole de la Martinique, afin d&rsquo;assurer l&rsquo;\u00e9tude et la d\u00e9fense de leurs droits et de leurs int\u00e9r\u00eats quant \u00e0 l&rsquo;Appellation \u00ab\u00a0Rhum Agricole Martinique\u00a0\u00bb en France et dans le monde.<\/span><\/h1><p>Peuvent faire partie du Syndicat :<\/p><ul><li>Les producteurs de rhum agricole de la Martinique,<\/li><li>Les producteurs de canne \u00e0 sucre destin\u00e9e \u00e0 l&rsquo;\u00e9laboration du Rhum Agricole de la Martinique.<\/li><\/ul><p>Le Syndicat est administr\u00e9 par un Conseil d&rsquo;Administration compos\u00e9 de neuf membres :<\/p><ul><li>5 Distillateurs<\/li><li>4 Planteurs<\/li><\/ul><p>Les membres du Conseil sont \u00e9lus par l&rsquo;Assembl\u00e9e G\u00e9n\u00e9rale \u00e0 la majorit\u00e9 absolue des voix des adh\u00e9rents pr\u00e9sents ou repr\u00e9sent\u00e9s.<\/p><p>Les Administrateurs \u00e9lus d\u00e9signent parmi eux le Pr\u00e9sident choisi parmi les distillateurs et les autres membres du Bureau.<\/p><p>Les Administrateurs sont nomm\u00e9s pour trois ans et sont r\u00e9\u00e9ligibles.<\/p><p>Le tiers du Conseil d&rsquo;administration est renouvel\u00e9 chaque ann\u00e9e.<\/p><p>Adresse :<\/p><p style=\"padding-left: 40px;\"><span style=\"font-size: 15px; font-style: inherit; font-weight: inherit; color: var( --e-global-color-text ); font-family: var( --e-global-typography-text-font-family ), Sans-serif; background-color: var(--ast-global-color-5);\">Usine Soudon &#8211; Lamentin\u00a0<\/span><span style=\"font-size: 15px; font-style: inherit; font-weight: inherit; color: var( --e-global-color-text ); font-family: var( --e-global-typography-text-font-family ), Sans-serif; background-color: var(--ast-global-color-5);\">BP 476<\/span><\/p><p style=\"padding-left: 40px;\">97241 FORT DE FRANCE CEDEX<\/p><p>T\u00e9l\u00e9phone : (0596) 51 93 35<\/p><p>Fax : (0596) 51 72 35<\/p><p>E-mail : codermq@outremer.com<\/p>\t\t\t\t\t\t<\/div>\n\t\t\t\t<\/div>\n\t\t\t\t\t<\/div>\n\t\t<\/div>\n\t\t\t\t\t\t\t<\/div>\n\t\t<\/section>\n\t\t\t\t<section class=\"elementor-section elementor-top-section elementor-element elementor-element-c7b8142 elementor-section-boxed elementor-section-height-default elementor-section-height-default\" data-id=\"c7b8142\" data-element_type=\"section\">\n\t\t\t\t\t\t<div class=\"elementor-container elementor-column-gap-default\">\n\t\t\t\t\t<div class=\"elementor-column elementor-col-100 elementor-top-column elementor-element elementor-element-707cea63\" data-id=\"707cea63\" data-element_type=\"column\">\n\t\t\t<div class=\"elementor-widget-wrap elementor-element-populated\">\n\t\t\t\t\t\t\t\t<div class=\"elementor-element elementor-element-215a044a elementor-widget elementor-widget-text-editor\" data-id=\"215a044a\" data-element_type=\"widget\" data-widget_type=\"text-editor.default\">\n\t\t\t\t<div class=\"elementor-widget-container\">\n\t\t\t\t\t\t\t<h1>LES RELATIONS SYNDICAT \u2013 INSTITUT NATIONAL DES APPELLATIONS D&rsquo;ORIGINE<\/h1><p>En l&rsquo;absence d&rsquo;un repr\u00e9sentant permanent de l&rsquo;Institut National des Appellations d&rsquo;Origine (INAO) en Martinique, le Syndicat a sign\u00e9 le 28 mars 1997 une convention avec cet Institut. Elle a pour objet de d\u00e9terminer les modalit\u00e9s de sa contribution en tant qu&rsquo;organisme agr\u00e9\u00e9 au contr\u00f4le des conditions de production et \u00e0 l&rsquo;organisation des examens organoleptiques et analytiques des rhums en AOC \u00ab\u00a0Martinique\u00a0\u00bb.<\/p>\t\t\t\t\t\t<\/div>\n\t\t\t\t<\/div>\n\t\t\t\t\t<\/div>\n\t\t<\/div>\n\t\t\t\t\t\t\t<\/div>\n\t\t<\/section>\n\t\t\t\t\t\t\t<\/div>\n\t\t","protected":false},"excerpt":{"rendered":"<p>Le Syndicat de D\u00e9fense de l&rsquo; Appellation d&rsquo; Origine \u00ab\u00a0RHUM AGRICOLE MARTINIQUE\u00a0\u00bb Ce Syndicat a \u00e9t\u00e9 cr\u00e9\u00e9 en 1992 dans le but de regrouper les professionnels qui participent \u00e0 l&rsquo;\u00e9laboration et \u00e0 la promotion du Rhum Agricole de la Martinique, afin d&rsquo;assurer l&rsquo;\u00e9tude et la d\u00e9fense de leurs droits et de leurs int\u00e9r\u00eats quant \u00e0 &hellip;<\/p>\n<p class=\"read-more\"> <a class=\"\" href=\"https:\/\/rhummartinique.88-208-243-145.plesk.page\/index.php\/le-syndicat-de-defense-de-l-appellation-d-origine-rhum-agricole-martinique\/\"> <span class=\"screen-reader-text\">Le Syndicat de D\u00e9fense de l&rsquo; Appellation d&rsquo; Origine \u00ab\u00a0RHUM AGRICOLE MARTINIQUE\u00a0\u00bb<\/span> Lire la suite\u00a0\u00bb<\/a><\/p>\n","protected":false},"author":1,"featured_media":0,"parent":0,"menu_order":0,"comment_status":"closed","ping_status":"closed","template":"","meta":{"site-sidebar-layout":"no-sidebar","site-content-layout":"page-builder","ast-global-header-display":"","ast-main-header-display":"","ast-hfb-above-header-display":"","ast-hfb-below-header-display":"","ast-hfb-mobile-header-display":"","site-post-title":"disabled","ast-breadcrumbs-content":"","ast-featured-img":"disabled","footer-sml-layout":"","theme-transparent-header-meta":"","adv-header-id-meta":"","stick-header-meta":"","header-above-stick-meta":"","header-main-stick-meta":"","header-below-stick-meta":"","footnotes":""},"class_list":["post-132","page","type-page","status-publish","hentry"],"_links":{"self":[{"href":"https:\/\/rhummartinique.88-208-243-145.plesk.page\/index.php\/wp-json\/wp\/v2\/pages\/132","targetHints":{"allow":["GET"]}}],"collection":[{"href":"https:\/\/rhummartinique.88-208-243-145.plesk.page\/index.php\/wp-json\/wp\/v2\/pages"}],"about":[{"href":"https:\/\/rhummartinique.88-208-243-145.plesk.page\/index.php\/wp-json\/wp\/v2\/types\/page"}],"author":[{"embeddable":true,"href":"https:\/\/rhummartinique.88-208-243-145.plesk.page\/index.php\/wp-json\/wp\/v2\/users\/1"}],"replies":[{"embeddable":true,"href":"https:\/\/rhummartinique.88-208-243-145.plesk.page\/index.php\/wp-json\/wp\/v2\/comments?post=132"}],"version-history":[{"count":25,"href":"https:\/\/rhummartinique.88-208-243-145.plesk.page\/index.php\/wp-json\/wp\/v2\/pages\/132\/revisions"}],"predecessor-version":[{"id":235,"href":"https:\/\/rhummartinique.88-208-243-145.plesk.page\/index.php\/wp-json\/wp\/v2\/pages\/132\/revisions\/235"}],"wp:attachment":[{"href":"https:\/\/rhummartinique.88-208-243-145.plesk.page\/index.php\/wp-json\/wp\/v2\/media?parent=132"}],"curies":[{"name":"wp","href":"https:\/\/api.w.org\/{rel}","templated":true}]}}