{"id":134,"date":"2022-06-13T16:48:59","date_gmt":"2022-06-13T16:48:59","guid":{"rendered":"https:\/\/frosty-bhaskara.212-227-160-186.plesk.page\/?page_id=134"},"modified":"2022-06-13T17:58:54","modified_gmt":"2022-06-13T17:58:54","slug":"le-coderum-et-le-cirt-dom","status":"publish","type":"page","link":"https:\/\/rhummartinique.88-208-243-145.plesk.page\/index.php\/le-coderum-et-le-cirt-dom\/","title":{"rendered":"Le CODERUM et le CIRT\/DOM"},"content":{"rendered":"\t\t<div data-elementor-type=\"wp-page\" data-elementor-id=\"134\" class=\"elementor elementor-134\">\n\t\t\t\t\t\t\t\t\t<section class=\"elementor-section elementor-top-section elementor-element elementor-element-e067ad7 elementor-section-boxed elementor-section-height-default elementor-section-height-default\" data-id=\"e067ad7\" data-element_type=\"section\">\n\t\t\t\t\t\t<div class=\"elementor-container elementor-column-gap-default\">\n\t\t\t\t\t<div class=\"elementor-column elementor-col-100 elementor-top-column elementor-element elementor-element-c74f838\" data-id=\"c74f838\" data-element_type=\"column\">\n\t\t\t<div class=\"elementor-widget-wrap elementor-element-populated\">\n\t\t\t\t\t\t\t\t<div class=\"elementor-element elementor-element-0fb2885 elementor-widget elementor-widget-heading\" data-id=\"0fb2885\" data-element_type=\"widget\" data-widget_type=\"heading.default\">\n\t\t\t\t<div class=\"elementor-widget-container\">\n\t\t\t<style>\/*! elementor - v3.6.6 - 08-06-2022 *\/\n.elementor-heading-title{padding:0;margin:0;line-height:1}.elementor-widget-heading .elementor-heading-title[class*=elementor-size-]>a{color:inherit;font-size:inherit;line-height:inherit}.elementor-widget-heading .elementor-heading-title.elementor-size-small{font-size:15px}.elementor-widget-heading .elementor-heading-title.elementor-size-medium{font-size:19px}.elementor-widget-heading .elementor-heading-title.elementor-size-large{font-size:29px}.elementor-widget-heading .elementor-heading-title.elementor-size-xl{font-size:39px}.elementor-widget-heading .elementor-heading-title.elementor-size-xxl{font-size:59px}<\/style><h2 class=\"elementor-heading-title elementor-size-default\">Le CODERUM\net le\nCIRT\/DOM<\/h2>\t\t<\/div>\n\t\t\t\t<\/div>\n\t\t\t\t\t<\/div>\n\t\t<\/div>\n\t\t\t\t\t\t\t<\/div>\n\t\t<\/section>\n\t\t\t\t<section class=\"elementor-section elementor-top-section elementor-element elementor-element-8930b6e elementor-section-boxed elementor-section-height-default elementor-section-height-default\" data-id=\"8930b6e\" data-element_type=\"section\">\n\t\t\t\t\t\t<div class=\"elementor-container elementor-column-gap-default\">\n\t\t\t\t\t<div class=\"elementor-column elementor-col-100 elementor-top-column elementor-element elementor-element-e12a2a8\" data-id=\"e12a2a8\" data-element_type=\"column\">\n\t\t\t<div class=\"elementor-widget-wrap elementor-element-populated\">\n\t\t\t\t\t\t\t\t<div class=\"elementor-element elementor-element-6732485 elementor-widget elementor-widget-text-editor\" data-id=\"6732485\" data-element_type=\"widget\" data-widget_type=\"text-editor.default\">\n\t\t\t\t<div class=\"elementor-widget-container\">\n\t\t\t<style>\/*! elementor - v3.6.6 - 08-06-2022 *\/\n.elementor-widget-text-editor.elementor-drop-cap-view-stacked .elementor-drop-cap{background-color:#818a91;color:#fff}.elementor-widget-text-editor.elementor-drop-cap-view-framed .elementor-drop-cap{color:#818a91;border:3px solid;background-color:transparent}.elementor-widget-text-editor:not(.elementor-drop-cap-view-default) .elementor-drop-cap{margin-top:8px}.elementor-widget-text-editor:not(.elementor-drop-cap-view-default) .elementor-drop-cap-letter{width:1em;height:1em}.elementor-widget-text-editor .elementor-drop-cap{float:left;text-align:center;line-height:1;font-size:50px}.elementor-widget-text-editor .elementor-drop-cap-letter{display:inline-block}<\/style>\t\t\t\t<h1>La n\u00e9cessaire d\u00e9fense du rhum<\/h1><p>\u00c0 partir de 1945, la surproduction mondiale entra\u00eene une restructuration de l\u2019\u00e9conomie sucri\u00e8re en m\u00e9tropole, ainsi qu\u2019une grave crise sucri\u00e8re et rhumi\u00e8re \u00e0 la Martinique, due \u00e0 l\u2019\u00e9volution des conditions \u00e9conomiques et sociales. Cette mutation de la culture de la canne \u00e0 sucre durera une vingtaine d\u2019ann\u00e9es et provoquera la fermeture de toutes les sucreries \u2014 hormis celle du Galion qui reste aussi la derni\u00e8re \u00e0 produire du rhum de sucrerie.<\/p><p>Les distilleries agricoles assureront le maintien de l\u2019activit\u00e9 rhumi\u00e8re, mais en 1955, un d\u00e9cret destin\u00e9 \u00e0 r\u00e9organiser la production provoquera en fait leur quasi-disparition. Si en 1934, on d\u00e9nombrait encore quatre-vingt-six distilleries, il n\u2019en reste plus que neuf aujourd\u2019hui\u2026 Toutefois, la production rhumi\u00e8re reste la premi\u00e8re ressource agro-industrielle de l\u2019\u00eele. La consommation locale repr\u00e9sente 30 % des ventes ; l\u2019exportation vers la m\u00e9tropole, 65 % et vers les autres destinations, 5 %.<\/p><p>Ainsi, les n\u00e9cessit\u00e9s de la commercialisation ont engendr\u00e9 des concentrations et des restructurations. Ces probl\u00e8mes, auxquels s\u2019ajoutent les fluctuations \u00e9conomiques et politiques mondiales, ont pouss\u00e9 les producteurs \u00e0 se rassembler pour d\u00e9fendre leurs int\u00e9r\u00eats et acc\u00e9der mieux \u2014 et plus rapidement \u2014 \u00e0 l\u2019information.<\/p>\t\t\t\t\t\t<\/div>\n\t\t\t\t<\/div>\n\t\t\t\t\t<\/div>\n\t\t<\/div>\n\t\t\t\t\t\t\t<\/div>\n\t\t<\/section>\n\t\t\t\t<section class=\"elementor-section elementor-top-section elementor-element elementor-element-c7b8142 elementor-section-boxed elementor-section-height-default elementor-section-height-default\" data-id=\"c7b8142\" data-element_type=\"section\">\n\t\t\t\t\t\t<div class=\"elementor-container elementor-column-gap-default\">\n\t\t\t\t\t<div class=\"elementor-column elementor-col-100 elementor-top-column elementor-element elementor-element-707cea63\" data-id=\"707cea63\" data-element_type=\"column\">\n\t\t\t<div class=\"elementor-widget-wrap elementor-element-populated\">\n\t\t\t\t\t\t\t\t<div class=\"elementor-element elementor-element-215a044a elementor-widget elementor-widget-text-editor\" data-id=\"215a044a\" data-element_type=\"widget\" data-widget_type=\"text-editor.default\">\n\t\t\t\t<div class=\"elementor-widget-container\">\n\t\t\t\t\t\t\t<h1>L\u2019action dans un plus vaste ensemble<\/h1><p>Cette organisation s\u2019est constitu\u00e9e progressivement, \u00e0 plusieurs niveaux. Ainsi, \u00e0 l\u2019\u00e9chelon local, le Comit\u00e9 martiniquais d\u2019organisation et de d\u00e9fense du march\u00e9 du rhum (Coderum) a \u00e9t\u00e9 cr\u00e9\u00e9 en 1960. Regroupant tous les distillateurs de rhum (agricole et de sucrerie), son objectif est d\u2019organiser l\u2019\u00e9coulement des produits, de favoriser la r\u00e9gularisation du march\u00e9, de d\u00e9fendre les int\u00e9r\u00eats des producteurs et d\u2019\u00e9laborer une communication collective afin de promouvoir l\u2019image de marque des rhums martiniquais.<\/p><p>N\u00e9 en 1992, le Syndicat de d\u00e9fense de l\u2019Appellation d\u2019Origine rhum agricole Martinique repr\u00e9sente les planteurs de canne livrant en distilleries agricoles ainsi que les distillateurs ; il g\u00e8re et contr\u00f4le le rhum A.O.C. Martinique.<\/p><p>Au plan national, le Conseil interprofessionnel du rhum traditionnel des d\u00e9partements d\u2019outre-mer r\u00e9unit depuis 1995 les producteurs de mati\u00e8res premi\u00e8res, les distillateurs et les n\u00e9gociants. Enfin, Eurodom, qui a \u00e9t\u00e9 cr\u00e9\u00e9 en 1990 avec d\u2019autres organismes socioprofessionnels des D.O.M., dispose d\u2019un bureau permanent \u00e0 Bruxelles.<\/p>\t\t\t\t\t\t<\/div>\n\t\t\t\t<\/div>\n\t\t\t\t\t<\/div>\n\t\t<\/div>\n\t\t\t\t\t\t\t<\/div>\n\t\t<\/section>\n\t\t\t\t\t\t\t<\/div>\n\t\t","protected":false},"excerpt":{"rendered":"<p>Le CODERUM et le CIRT\/DOM La n\u00e9cessaire d\u00e9fense du rhum \u00c0 partir de 1945, la surproduction mondiale entra\u00eene une restructuration de l\u2019\u00e9conomie sucri\u00e8re en m\u00e9tropole, ainsi qu\u2019une grave crise sucri\u00e8re et rhumi\u00e8re \u00e0 la Martinique, due \u00e0 l\u2019\u00e9volution des conditions \u00e9conomiques et sociales. Cette mutation de la culture de la canne \u00e0 sucre durera une &hellip;<\/p>\n<p class=\"read-more\"> <a class=\"\" href=\"https:\/\/rhummartinique.88-208-243-145.plesk.page\/index.php\/le-coderum-et-le-cirt-dom\/\"> <span class=\"screen-reader-text\">Le CODERUM et le CIRT\/DOM<\/span> Lire la suite\u00a0\u00bb<\/a><\/p>\n","protected":false},"author":1,"featured_media":0,"parent":0,"menu_order":0,"comment_status":"closed","ping_status":"closed","template":"","meta":{"site-sidebar-layout":"no-sidebar","site-content-layout":"page-builder","ast-global-header-display":"","ast-main-header-display":"","ast-hfb-above-header-display":"","ast-hfb-below-header-display":"","ast-hfb-mobile-header-display":"","site-post-title":"disabled","ast-breadcrumbs-content":"","ast-featured-img":"disabled","footer-sml-layout":"","theme-transparent-header-meta":"","adv-header-id-meta":"","stick-header-meta":"","header-above-stick-meta":"","header-main-stick-meta":"","header-below-stick-meta":"","footnotes":""},"class_list":["post-134","page","type-page","status-publish","hentry"],"_links":{"self":[{"href":"https:\/\/rhummartinique.88-208-243-145.plesk.page\/index.php\/wp-json\/wp\/v2\/pages\/134","targetHints":{"allow":["GET"]}}],"collection":[{"href":"https:\/\/rhummartinique.88-208-243-145.plesk.page\/index.php\/wp-json\/wp\/v2\/pages"}],"about":[{"href":"https:\/\/rhummartinique.88-208-243-145.plesk.page\/index.php\/wp-json\/wp\/v2\/types\/page"}],"author":[{"embeddable":true,"href":"https:\/\/rhummartinique.88-208-243-145.plesk.page\/index.php\/wp-json\/wp\/v2\/users\/1"}],"replies":[{"embeddable":true,"href":"https:\/\/rhummartinique.88-208-243-145.plesk.page\/index.php\/wp-json\/wp\/v2\/comments?post=134"}],"version-history":[{"count":7,"href":"https:\/\/rhummartinique.88-208-243-145.plesk.page\/index.php\/wp-json\/wp\/v2\/pages\/134\/revisions"}],"predecessor-version":[{"id":217,"href":"https:\/\/rhummartinique.88-208-243-145.plesk.page\/index.php\/wp-json\/wp\/v2\/pages\/134\/revisions\/217"}],"wp:attachment":[{"href":"https:\/\/rhummartinique.88-208-243-145.plesk.page\/index.php\/wp-json\/wp\/v2\/media?parent=134"}],"curies":[{"name":"wp","href":"https:\/\/api.w.org\/{rel}","templated":true}]}}